{"id":20305,"date":"2025-07-02T07:39:11","date_gmt":"2025-07-02T06:39:11","guid":{"rendered":"https:\/\/rsmotorps.com\/producto\/speed-pickup-mwm-rs-12322696\/"},"modified":"2025-06-26T08:28:52","modified_gmt":"2025-06-26T08:28:52","slug":"speed-pickup-mwm-rs-12322696","status":"publish","type":"product","link":"https:\/\/rsmotorps.com\/en\/producto\/speed-pickup-mwm-rs-12322696\/","title":{"rendered":"Speed Pickup MWM RS-12322696"},"content":{"rendered":"<p>Speed pickup MWM RS-12322696<br \/>\nAppropriate for MWM engines and models TBG 616 , TCG 2016 , CG 132<br \/>\nPart number MWM: 12322696 , 1232-2696 , 1232 2696<br \/>\nSuccessor part number MWM: 12530293 , 1253-0293 , 1253 0293<br \/>\nPrevious part number MWM: 12300469 , 1230-0469 , 1230 0469<br \/>\nOriginal \/ OEM<\/p>\n","protected":false},"excerpt":{"rendered":"<p>Appropriate for MWM engines and models TBG 616<br \/>\nTCG 2016<br \/>\nCG 132<\/p>\n","protected":false},"featured_media":2554,"comment_status":"closed","ping_status":"closed","template":"","meta":{"_acf_changed":false},"product_brand":[879],"product_cat":[595,594],"product_tag":[],"class_list":{"0":"post-20305","1":"product","2":"type-product","3":"status-publish","4":"has-post-thumbnail","6":"product_brand-mwm-en","7":"product_cat-cabling-and-control","8":"product_cat-control-elements","9":"pa_motor-tbg-616-en","10":"pa_motor-tcg-2016-en","11":"pa_motor-cat-cg-132","13":"first","14":"instock","15":"purchasable","16":"product-type-simple"},"acf":[],"yoast_head":"<!-- This site is optimized with the Yoast SEO plugin v26.7 - https:\/\/yoast.com\/wordpress\/plugins\/seo\/ -->\n<title>Speed Pickup MWM RS-12322696 - RS Motor<\/title>\n<meta name=\"robots\" content=\"index, follow, max-snippet:-1, max-image-preview:large, max-video-preview:-1\" \/>\n<link rel=\"canonical\" href=\"https:\/\/rsmotorps.com\/producto\/generador-tacometrico-mwm-rs-12322696\/\" \/>\n<meta property=\"og:locale\" content=\"en_US\" \/>\n<meta property=\"og:type\" content=\"article\" \/>\n<meta property=\"og:title\" content=\"Speed Pickup MWM RS-12322696 - RS Motor\" \/>\n<meta property=\"og:description\" content=\"Appropriate for MWM engines and models TBG 616 TCG 2016 CG 132\" \/>\n<meta property=\"og:url\" content=\"https:\/\/rsmotorps.com\/producto\/generador-tacometrico-mwm-rs-12322696\/\" \/>\n<meta property=\"og:site_name\" content=\"RS Motor\" \/>\n<meta property=\"og:image\" content=\"https:\/\/rsmotorps.com\/wp-content\/uploads\/2025\/05\/RS-12322696-SPEED-PICKUP-1.jpg\" \/>\n\t<meta property=\"og:image:width\" content=\"800\" \/>\n\t<meta property=\"og:image:height\" content=\"533\" \/>\n\t<meta property=\"og:image:type\" content=\"image\/jpeg\" \/>\n<meta name=\"twitter:card\" content=\"summary_large_image\" \/>\n<meta name=\"twitter:label1\" content=\"Est. reading time\" \/>\n\t<meta name=\"twitter:data1\" content=\"1 minute\" \/>\n<script type=\"application\/ld+json\" class=\"yoast-schema-graph\">{\"@context\":\"https:\/\/schema.org\",\"@graph\":[{\"@type\":\"WebPage\",\"@id\":\"https:\/\/rsmotorps.com\/producto\/generador-tacometrico-mwm-rs-12322696\/\",\"url\":\"https:\/\/rsmotorps.com\/producto\/generador-tacometrico-mwm-rs-12322696\/\",\"name\":\"Speed Pickup MWM RS-12322696 - RS Motor\",\"isPartOf\":{\"@id\":\"https:\/\/rsmotorps.com\/#website\"},\"primaryImageOfPage\":{\"@id\":\"https:\/\/rsmotorps.com\/producto\/generador-tacometrico-mwm-rs-12322696\/#primaryimage\"},\"image\":{\"@id\":\"https:\/\/rsmotorps.com\/producto\/generador-tacometrico-mwm-rs-12322696\/#primaryimage\"},\"thumbnailUrl\":\"https:\/\/rsmotorps.com\/wp-content\/uploads\/2025\/05\/RS-12322696-SPEED-PICKUP-1.jpg\",\"datePublished\":\"2025-07-02T06:39:11+00:00\",\"breadcrumb\":{\"@id\":\"https:\/\/rsmotorps.com\/producto\/generador-tacometrico-mwm-rs-12322696\/#breadcrumb\"},\"inLanguage\":\"en-US\",\"potentialAction\":[{\"@type\":\"ReadAction\",\"target\":[\"https:\/\/rsmotorps.com\/producto\/generador-tacometrico-mwm-rs-12322696\/\"]}]},{\"@type\":\"ImageObject\",\"inLanguage\":\"en-US\",\"@id\":\"https:\/\/rsmotorps.com\/producto\/generador-tacometrico-mwm-rs-12322696\/#primaryimage\",\"url\":\"https:\/\/rsmotorps.com\/wp-content\/uploads\/2025\/05\/RS-12322696-SPEED-PICKUP-1.jpg\",\"contentUrl\":\"https:\/\/rsmotorps.com\/wp-content\/uploads\/2025\/05\/RS-12322696-SPEED-PICKUP-1.jpg\",\"width\":800,\"height\":533,\"caption\":\"Generador tacom\u00e9trico MWM RS-12322696, un componente met\u00e1lico cil\u00edndrico con tuercas hexagonales en cada extremo.\"},{\"@type\":\"BreadcrumbList\",\"@id\":\"https:\/\/rsmotorps.com\/producto\/generador-tacometrico-mwm-rs-12322696\/#breadcrumb\",\"itemListElement\":[{\"@type\":\"ListItem\",\"position\":1,\"name\":\"Inicio\",\"item\":\"https:\/\/rsmotorps.com\/en\/\"},{\"@type\":\"ListItem\",\"position\":2,\"name\":\"Product catalog\",\"item\":\"https:\/\/rsmotorps.com\/en\/shop\/\"},{\"@type\":\"ListItem\",\"position\":3,\"name\":\"CONTROL ELEMENTS\",\"item\":\"https:\/\/rsmotorps.com\/en\/categoria-producto\/control-elements\/\"},{\"@type\":\"ListItem\",\"position\":4,\"name\":\"CABLING AND CONTROL\",\"item\":\"https:\/\/rsmotorps.com\/en\/categoria-producto\/control-elements\/cabling-and-control\/\"},{\"@type\":\"ListItem\",\"position\":5,\"name\":\"Speed Pickup MWM RS-12322696\"}]},{\"@type\":\"WebSite\",\"@id\":\"https:\/\/rsmotorps.com\/#website\",\"url\":\"https:\/\/rsmotorps.com\/\",\"name\":\"RS Motor\",\"description\":\"Otro sitio realizado con WordPress\",\"publisher\":{\"@id\":\"https:\/\/rsmotorps.com\/#organization\"},\"potentialAction\":[{\"@type\":\"SearchAction\",\"target\":{\"@type\":\"EntryPoint\",\"urlTemplate\":\"https:\/\/rsmotorps.com\/?s={search_term_string}\"},\"query-input\":{\"@type\":\"PropertyValueSpecification\",\"valueRequired\":true,\"valueName\":\"search_term_string\"}}],\"inLanguage\":\"en-US\"},{\"@type\":\"Organization\",\"@id\":\"https:\/\/rsmotorps.com\/#organization\",\"name\":\"RS Motor\",\"url\":\"https:\/\/rsmotorps.com\/\",\"logo\":{\"@type\":\"ImageObject\",\"inLanguage\":\"en-US\",\"@id\":\"https:\/\/rsmotorps.com\/#\/schema\/logo\/image\/\",\"url\":\"https:\/\/rsmotorps.com\/wp-content\/uploads\/2022\/04\/cropped-1-LOGO-PRINCIPAL-rsmotor-color-sinfondo-1.png\",\"contentUrl\":\"https:\/\/rsmotorps.com\/wp-content\/uploads\/2022\/04\/cropped-1-LOGO-PRINCIPAL-rsmotor-color-sinfondo-1.png\",\"width\":1417,\"height\":634,\"caption\":\"RS Motor\"},\"image\":{\"@id\":\"https:\/\/rsmotorps.com\/#\/schema\/logo\/image\/\"}}]}<\/script>\n<!-- \/ Yoast SEO plugin. -->","yoast_head_json":{"title":"Speed Pickup MWM RS-12322696 - RS Motor","robots":{"index":"index","follow":"follow","max-snippet":"max-snippet:-1","max-image-preview":"max-image-preview:large","max-video-preview":"max-video-preview:-1"},"canonical":"https:\/\/rsmotorps.com\/producto\/generador-tacometrico-mwm-rs-12322696\/","og_locale":"en_US","og_type":"article","og_title":"Speed Pickup MWM RS-12322696 - RS Motor","og_description":"Appropriate for MWM engines and models TBG 616 TCG 2016 CG 132","og_url":"https:\/\/rsmotorps.com\/producto\/generador-tacometrico-mwm-rs-12322696\/","og_site_name":"RS Motor","og_image":[{"width":800,"height":533,"url":"https:\/\/rsmotorps.com\/wp-content\/uploads\/2025\/05\/RS-12322696-SPEED-PICKUP-1.jpg","type":"image\/jpeg"}],"twitter_card":"summary_large_image","twitter_misc":{"Est. reading time":"1 minute"},"schema":{"@context":"https:\/\/schema.org","@graph":[{"@type":"WebPage","@id":"https:\/\/rsmotorps.com\/producto\/generador-tacometrico-mwm-rs-12322696\/","url":"https:\/\/rsmotorps.com\/producto\/generador-tacometrico-mwm-rs-12322696\/","name":"Speed Pickup MWM RS-12322696 - RS Motor","isPartOf":{"@id":"https:\/\/rsmotorps.com\/#website"},"primaryImageOfPage":{"@id":"https:\/\/rsmotorps.com\/producto\/generador-tacometrico-mwm-rs-12322696\/#primaryimage"},"image":{"@id":"https:\/\/rsmotorps.com\/producto\/generador-tacometrico-mwm-rs-12322696\/#primaryimage"},"thumbnailUrl":"https:\/\/rsmotorps.com\/wp-content\/uploads\/2025\/05\/RS-12322696-SPEED-PICKUP-1.jpg","datePublished":"2025-07-02T06:39:11+00:00","breadcrumb":{"@id":"https:\/\/rsmotorps.com\/producto\/generador-tacometrico-mwm-rs-12322696\/#breadcrumb"},"inLanguage":"en-US","potentialAction":[{"@type":"ReadAction","target":["https:\/\/rsmotorps.com\/producto\/generador-tacometrico-mwm-rs-12322696\/"]}]},{"@type":"ImageObject","inLanguage":"en-US","@id":"https:\/\/rsmotorps.com\/producto\/generador-tacometrico-mwm-rs-12322696\/#primaryimage","url":"https:\/\/rsmotorps.com\/wp-content\/uploads\/2025\/05\/RS-12322696-SPEED-PICKUP-1.jpg","contentUrl":"https:\/\/rsmotorps.com\/wp-content\/uploads\/2025\/05\/RS-12322696-SPEED-PICKUP-1.jpg","width":800,"height":533,"caption":"Generador tacom\u00e9trico MWM RS-12322696, un componente met\u00e1lico cil\u00edndrico con tuercas hexagonales en cada extremo."},{"@type":"BreadcrumbList","@id":"https:\/\/rsmotorps.com\/producto\/generador-tacometrico-mwm-rs-12322696\/#breadcrumb","itemListElement":[{"@type":"ListItem","position":1,"name":"Inicio","item":"https:\/\/rsmotorps.com\/en\/"},{"@type":"ListItem","position":2,"name":"Product catalog","item":"https:\/\/rsmotorps.com\/en\/shop\/"},{"@type":"ListItem","position":3,"name":"CONTROL ELEMENTS","item":"https:\/\/rsmotorps.com\/en\/categoria-producto\/control-elements\/"},{"@type":"ListItem","position":4,"name":"CABLING AND CONTROL","item":"https:\/\/rsmotorps.com\/en\/categoria-producto\/control-elements\/cabling-and-control\/"},{"@type":"ListItem","position":5,"name":"Speed Pickup MWM RS-12322696"}]},{"@type":"WebSite","@id":"https:\/\/rsmotorps.com\/#website","url":"https:\/\/rsmotorps.com\/","name":"RS Motor","description":"Otro sitio realizado con WordPress","publisher":{"@id":"https:\/\/rsmotorps.com\/#organization"},"potentialAction":[{"@type":"SearchAction","target":{"@type":"EntryPoint","urlTemplate":"https:\/\/rsmotorps.com\/?s={search_term_string}"},"query-input":{"@type":"PropertyValueSpecification","valueRequired":true,"valueName":"search_term_string"}}],"inLanguage":"en-US"},{"@type":"Organization","@id":"https:\/\/rsmotorps.com\/#organization","name":"RS Motor","url":"https:\/\/rsmotorps.com\/","logo":{"@type":"ImageObject","inLanguage":"en-US","@id":"https:\/\/rsmotorps.com\/#\/schema\/logo\/image\/","url":"https:\/\/rsmotorps.com\/wp-content\/uploads\/2022\/04\/cropped-1-LOGO-PRINCIPAL-rsmotor-color-sinfondo-1.png","contentUrl":"https:\/\/rsmotorps.com\/wp-content\/uploads\/2022\/04\/cropped-1-LOGO-PRINCIPAL-rsmotor-color-sinfondo-1.png","width":1417,"height":634,"caption":"RS Motor"},"image":{"@id":"https:\/\/rsmotorps.com\/#\/schema\/logo\/image\/"}}]}},"_links":{"self":[{"href":"https:\/\/rsmotorps.com\/en\/wp-json\/wp\/v2\/product\/20305","targetHints":{"allow":["GET"]}}],"collection":[{"href":"https:\/\/rsmotorps.com\/en\/wp-json\/wp\/v2\/product"}],"about":[{"href":"https:\/\/rsmotorps.com\/en\/wp-json\/wp\/v2\/types\/product"}],"replies":[{"embeddable":true,"href":"https:\/\/rsmotorps.com\/en\/wp-json\/wp\/v2\/comments?post=20305"}],"wp:featuredmedia":[{"embeddable":true,"href":"https:\/\/rsmotorps.com\/en\/wp-json\/wp\/v2\/media\/2554"}],"wp:attachment":[{"href":"https:\/\/rsmotorps.com\/en\/wp-json\/wp\/v2\/media?parent=20305"}],"wp:term":[{"taxonomy":"product_brand","embeddable":true,"href":"https:\/\/rsmotorps.com\/en\/wp-json\/wp\/v2\/product_brand?post=20305"},{"taxonomy":"product_cat","embeddable":true,"href":"https:\/\/rsmotorps.com\/en\/wp-json\/wp\/v2\/product_cat?post=20305"},{"taxonomy":"product_tag","embeddable":true,"href":"https:\/\/rsmotorps.com\/en\/wp-json\/wp\/v2\/product_tag?post=20305"}],"curies":[{"name":"wp","href":"https:\/\/api.w.org\/{rel}","templated":true}]}}