{"id":22156,"date":"2025-07-02T07:53:33","date_gmt":"2025-07-02T06:53:33","guid":{"rendered":"https:\/\/rsmotorps.com\/producto\/roller-tappet-mwm-rs-12453142\/"},"modified":"2025-06-26T10:10:40","modified_gmt":"2025-06-26T10:10:40","slug":"roller-tappet-mwm-rs-12453142","status":"publish","type":"product","link":"https:\/\/rsmotorps.com\/en\/producto\/roller-tappet-mwm-rs-12453142\/","title":{"rendered":"Roller Tappet MWM RS-12453142"},"content":{"rendered":"<p>Roller tappet MWM RS-12453142<br \/>\nAppropriate for MWM engines and models TBG 604 , TBG 620 , TCG 2020 , CG 170<br \/>\nPart number MWM: 12453142 , 1245-3142 , 1245 3142<br \/>\nSuccessor part number MWM:12454966 , 1245-4966 , 1245 496<br \/>\nPrevious part number MWM:12301796 , 1230-1796 , 1230 1796<br \/>\nOriginal \/ OEM<\/p>\n","protected":false},"excerpt":{"rendered":"<p>Appropriate for MWM engines and models TBG 604<br \/>\nTBG 620<br \/>\nTCG 2020<br \/>\nCG 170<\/p>\n","protected":false},"featured_media":4466,"comment_status":"closed","ping_status":"closed","template":"","meta":{"_acf_changed":false},"product_brand":[879],"product_cat":[589,613],"product_tag":[],"class_list":{"0":"post-22156","1":"product","2":"type-product","3":"status-publish","4":"has-post-thumbnail","6":"product_brand-mwm-en","7":"product_cat-mechanical-parts","8":"product_cat-valve-control","9":"pa_motor-tbg-604-en","10":"pa_motor-tbg-620-en","11":"pa_motor-tcg-2020-en","12":"pa_motor-cat-cg-170","14":"first","15":"instock","16":"purchasable","17":"product-type-simple"},"acf":[],"yoast_head":"<!-- This site is optimized with the Yoast SEO plugin v26.7 - https:\/\/yoast.com\/wordpress\/plugins\/seo\/ -->\n<title>Roller Tappet MWM RS-12453142 - RS Motor<\/title>\n<meta name=\"robots\" content=\"index, follow, max-snippet:-1, max-image-preview:large, max-video-preview:-1\" \/>\n<link rel=\"canonical\" href=\"https:\/\/rsmotorps.com\/en\/producto\/roller-tappet-mwm-rs-12453142\/\" \/>\n<meta property=\"og:locale\" content=\"en_US\" \/>\n<meta property=\"og:type\" content=\"article\" \/>\n<meta property=\"og:title\" content=\"Roller Tappet MWM RS-12453142 - RS Motor\" \/>\n<meta property=\"og:description\" content=\"Appropriate for MWM engines and models TBG 604 TBG 620 TCG 2020 CG 170\" \/>\n<meta property=\"og:url\" content=\"https:\/\/rsmotorps.com\/en\/producto\/roller-tappet-mwm-rs-12453142\/\" \/>\n<meta property=\"og:site_name\" content=\"RS Motor\" \/>\n<meta property=\"og:image\" content=\"https:\/\/rsmotorps.com\/wp-content\/uploads\/2025\/05\/RS-12453142-ROLLER-TAPPET-10.jpg\" \/>\n\t<meta property=\"og:image:width\" content=\"800\" \/>\n\t<meta property=\"og:image:height\" content=\"600\" \/>\n\t<meta property=\"og:image:type\" content=\"image\/jpeg\" \/>\n<meta name=\"twitter:card\" content=\"summary_large_image\" \/>\n<meta name=\"twitter:label1\" content=\"Est. reading time\" \/>\n\t<meta name=\"twitter:data1\" content=\"1 minute\" \/>\n<script type=\"application\/ld+json\" class=\"yoast-schema-graph\">{\"@context\":\"https:\/\/schema.org\",\"@graph\":[{\"@type\":\"WebPage\",\"@id\":\"https:\/\/rsmotorps.com\/en\/producto\/roller-tappet-mwm-rs-12453142\/\",\"url\":\"https:\/\/rsmotorps.com\/en\/producto\/roller-tappet-mwm-rs-12453142\/\",\"name\":\"Roller Tappet MWM RS-12453142 - RS Motor\",\"isPartOf\":{\"@id\":\"https:\/\/rsmotorps.com\/#website\"},\"primaryImageOfPage\":{\"@id\":\"https:\/\/rsmotorps.com\/en\/producto\/roller-tappet-mwm-rs-12453142\/#primaryimage\"},\"image\":{\"@id\":\"https:\/\/rsmotorps.com\/en\/producto\/roller-tappet-mwm-rs-12453142\/#primaryimage\"},\"thumbnailUrl\":\"https:\/\/rsmotorps.com\/wp-content\/uploads\/2025\/05\/RS-12453142-ROLLER-TAPPET-10.jpg\",\"datePublished\":\"2025-07-02T06:53:33+00:00\",\"breadcrumb\":{\"@id\":\"https:\/\/rsmotorps.com\/en\/producto\/roller-tappet-mwm-rs-12453142\/#breadcrumb\"},\"inLanguage\":\"en-US\",\"potentialAction\":[{\"@type\":\"ReadAction\",\"target\":[\"https:\/\/rsmotorps.com\/en\/producto\/roller-tappet-mwm-rs-12453142\/\"]}]},{\"@type\":\"ImageObject\",\"inLanguage\":\"en-US\",\"@id\":\"https:\/\/rsmotorps.com\/en\/producto\/roller-tappet-mwm-rs-12453142\/#primaryimage\",\"url\":\"https:\/\/rsmotorps.com\/wp-content\/uploads\/2025\/05\/RS-12453142-ROLLER-TAPPET-10.jpg\",\"contentUrl\":\"https:\/\/rsmotorps.com\/wp-content\/uploads\/2025\/05\/RS-12453142-ROLLER-TAPPET-10.jpg\",\"width\":800,\"height\":600,\"caption\":\"Taqu\u00e9 de rodillos MWM RS-12453142, una pieza met\u00e1lica cil\u00edndrica con un rodillo negro en la parte superior.\"},{\"@type\":\"BreadcrumbList\",\"@id\":\"https:\/\/rsmotorps.com\/en\/producto\/roller-tappet-mwm-rs-12453142\/#breadcrumb\",\"itemListElement\":[{\"@type\":\"ListItem\",\"position\":1,\"name\":\"Inicio\",\"item\":\"https:\/\/rsmotorps.com\/en\/\"},{\"@type\":\"ListItem\",\"position\":2,\"name\":\"Product catalog\",\"item\":\"https:\/\/rsmotorps.com\/en\/shop\/\"},{\"@type\":\"ListItem\",\"position\":3,\"name\":\"MECHANICAL PARTS\",\"item\":\"https:\/\/rsmotorps.com\/en\/categoria-producto\/mechanical-parts\/\"},{\"@type\":\"ListItem\",\"position\":4,\"name\":\"VALVE CONTROL\",\"item\":\"https:\/\/rsmotorps.com\/en\/categoria-producto\/mechanical-parts\/valve-control\/\"},{\"@type\":\"ListItem\",\"position\":5,\"name\":\"Roller Tappet MWM RS-12453142\"}]},{\"@type\":\"WebSite\",\"@id\":\"https:\/\/rsmotorps.com\/#website\",\"url\":\"https:\/\/rsmotorps.com\/\",\"name\":\"RS Motor\",\"description\":\"Otro sitio realizado con WordPress\",\"publisher\":{\"@id\":\"https:\/\/rsmotorps.com\/#organization\"},\"potentialAction\":[{\"@type\":\"SearchAction\",\"target\":{\"@type\":\"EntryPoint\",\"urlTemplate\":\"https:\/\/rsmotorps.com\/?s={search_term_string}\"},\"query-input\":{\"@type\":\"PropertyValueSpecification\",\"valueRequired\":true,\"valueName\":\"search_term_string\"}}],\"inLanguage\":\"en-US\"},{\"@type\":\"Organization\",\"@id\":\"https:\/\/rsmotorps.com\/#organization\",\"name\":\"RS Motor\",\"url\":\"https:\/\/rsmotorps.com\/\",\"logo\":{\"@type\":\"ImageObject\",\"inLanguage\":\"en-US\",\"@id\":\"https:\/\/rsmotorps.com\/#\/schema\/logo\/image\/\",\"url\":\"https:\/\/rsmotorps.com\/wp-content\/uploads\/2022\/04\/cropped-1-LOGO-PRINCIPAL-rsmotor-color-sinfondo-1.png\",\"contentUrl\":\"https:\/\/rsmotorps.com\/wp-content\/uploads\/2022\/04\/cropped-1-LOGO-PRINCIPAL-rsmotor-color-sinfondo-1.png\",\"width\":1417,\"height\":634,\"caption\":\"RS Motor\"},\"image\":{\"@id\":\"https:\/\/rsmotorps.com\/#\/schema\/logo\/image\/\"}}]}<\/script>\n<!-- \/ Yoast SEO plugin. -->","yoast_head_json":{"title":"Roller Tappet MWM RS-12453142 - RS Motor","robots":{"index":"index","follow":"follow","max-snippet":"max-snippet:-1","max-image-preview":"max-image-preview:large","max-video-preview":"max-video-preview:-1"},"canonical":"https:\/\/rsmotorps.com\/en\/producto\/roller-tappet-mwm-rs-12453142\/","og_locale":"en_US","og_type":"article","og_title":"Roller Tappet MWM RS-12453142 - RS Motor","og_description":"Appropriate for MWM engines and models TBG 604 TBG 620 TCG 2020 CG 170","og_url":"https:\/\/rsmotorps.com\/en\/producto\/roller-tappet-mwm-rs-12453142\/","og_site_name":"RS Motor","og_image":[{"width":800,"height":600,"url":"https:\/\/rsmotorps.com\/wp-content\/uploads\/2025\/05\/RS-12453142-ROLLER-TAPPET-10.jpg","type":"image\/jpeg"}],"twitter_card":"summary_large_image","twitter_misc":{"Est. reading time":"1 minute"},"schema":{"@context":"https:\/\/schema.org","@graph":[{"@type":"WebPage","@id":"https:\/\/rsmotorps.com\/en\/producto\/roller-tappet-mwm-rs-12453142\/","url":"https:\/\/rsmotorps.com\/en\/producto\/roller-tappet-mwm-rs-12453142\/","name":"Roller Tappet MWM RS-12453142 - RS Motor","isPartOf":{"@id":"https:\/\/rsmotorps.com\/#website"},"primaryImageOfPage":{"@id":"https:\/\/rsmotorps.com\/en\/producto\/roller-tappet-mwm-rs-12453142\/#primaryimage"},"image":{"@id":"https:\/\/rsmotorps.com\/en\/producto\/roller-tappet-mwm-rs-12453142\/#primaryimage"},"thumbnailUrl":"https:\/\/rsmotorps.com\/wp-content\/uploads\/2025\/05\/RS-12453142-ROLLER-TAPPET-10.jpg","datePublished":"2025-07-02T06:53:33+00:00","breadcrumb":{"@id":"https:\/\/rsmotorps.com\/en\/producto\/roller-tappet-mwm-rs-12453142\/#breadcrumb"},"inLanguage":"en-US","potentialAction":[{"@type":"ReadAction","target":["https:\/\/rsmotorps.com\/en\/producto\/roller-tappet-mwm-rs-12453142\/"]}]},{"@type":"ImageObject","inLanguage":"en-US","@id":"https:\/\/rsmotorps.com\/en\/producto\/roller-tappet-mwm-rs-12453142\/#primaryimage","url":"https:\/\/rsmotorps.com\/wp-content\/uploads\/2025\/05\/RS-12453142-ROLLER-TAPPET-10.jpg","contentUrl":"https:\/\/rsmotorps.com\/wp-content\/uploads\/2025\/05\/RS-12453142-ROLLER-TAPPET-10.jpg","width":800,"height":600,"caption":"Taqu\u00e9 de rodillos MWM RS-12453142, una pieza met\u00e1lica cil\u00edndrica con un rodillo negro en la parte superior."},{"@type":"BreadcrumbList","@id":"https:\/\/rsmotorps.com\/en\/producto\/roller-tappet-mwm-rs-12453142\/#breadcrumb","itemListElement":[{"@type":"ListItem","position":1,"name":"Inicio","item":"https:\/\/rsmotorps.com\/en\/"},{"@type":"ListItem","position":2,"name":"Product catalog","item":"https:\/\/rsmotorps.com\/en\/shop\/"},{"@type":"ListItem","position":3,"name":"MECHANICAL PARTS","item":"https:\/\/rsmotorps.com\/en\/categoria-producto\/mechanical-parts\/"},{"@type":"ListItem","position":4,"name":"VALVE CONTROL","item":"https:\/\/rsmotorps.com\/en\/categoria-producto\/mechanical-parts\/valve-control\/"},{"@type":"ListItem","position":5,"name":"Roller Tappet MWM RS-12453142"}]},{"@type":"WebSite","@id":"https:\/\/rsmotorps.com\/#website","url":"https:\/\/rsmotorps.com\/","name":"RS Motor","description":"Otro sitio realizado con WordPress","publisher":{"@id":"https:\/\/rsmotorps.com\/#organization"},"potentialAction":[{"@type":"SearchAction","target":{"@type":"EntryPoint","urlTemplate":"https:\/\/rsmotorps.com\/?s={search_term_string}"},"query-input":{"@type":"PropertyValueSpecification","valueRequired":true,"valueName":"search_term_string"}}],"inLanguage":"en-US"},{"@type":"Organization","@id":"https:\/\/rsmotorps.com\/#organization","name":"RS Motor","url":"https:\/\/rsmotorps.com\/","logo":{"@type":"ImageObject","inLanguage":"en-US","@id":"https:\/\/rsmotorps.com\/#\/schema\/logo\/image\/","url":"https:\/\/rsmotorps.com\/wp-content\/uploads\/2022\/04\/cropped-1-LOGO-PRINCIPAL-rsmotor-color-sinfondo-1.png","contentUrl":"https:\/\/rsmotorps.com\/wp-content\/uploads\/2022\/04\/cropped-1-LOGO-PRINCIPAL-rsmotor-color-sinfondo-1.png","width":1417,"height":634,"caption":"RS Motor"},"image":{"@id":"https:\/\/rsmotorps.com\/#\/schema\/logo\/image\/"}}]}},"_links":{"self":[{"href":"https:\/\/rsmotorps.com\/en\/wp-json\/wp\/v2\/product\/22156","targetHints":{"allow":["GET"]}}],"collection":[{"href":"https:\/\/rsmotorps.com\/en\/wp-json\/wp\/v2\/product"}],"about":[{"href":"https:\/\/rsmotorps.com\/en\/wp-json\/wp\/v2\/types\/product"}],"replies":[{"embeddable":true,"href":"https:\/\/rsmotorps.com\/en\/wp-json\/wp\/v2\/comments?post=22156"}],"wp:featuredmedia":[{"embeddable":true,"href":"https:\/\/rsmotorps.com\/en\/wp-json\/wp\/v2\/media\/4466"}],"wp:attachment":[{"href":"https:\/\/rsmotorps.com\/en\/wp-json\/wp\/v2\/media?parent=22156"}],"wp:term":[{"taxonomy":"product_brand","embeddable":true,"href":"https:\/\/rsmotorps.com\/en\/wp-json\/wp\/v2\/product_brand?post=22156"},{"taxonomy":"product_cat","embeddable":true,"href":"https:\/\/rsmotorps.com\/en\/wp-json\/wp\/v2\/product_cat?post=22156"},{"taxonomy":"product_tag","embeddable":true,"href":"https:\/\/rsmotorps.com\/en\/wp-json\/wp\/v2\/product_tag?post=22156"}],"curies":[{"name":"wp","href":"https:\/\/api.w.org\/{rel}","templated":true}]}}