{"id":34108,"date":"2025-04-15T09:10:11","date_gmt":"2025-04-15T09:10:11","guid":{"rendered":"https:\/\/rsmotorps.com\/motortech\/"},"modified":"2025-06-18T10:53:55","modified_gmt":"2025-06-18T10:53:55","slug":"motortech","status":"publish","type":"page","link":"https:\/\/rsmotorps.com\/pl\/motortech\/","title":{"rendered":"MOTORTECH"},"content":{"rendered":"\t\t<div data-elementor-type=\"wp-page\" data-elementor-id=\"34108\" class=\"elementor elementor-34108 elementor-609\" data-elementor-post-type=\"page\">\n\t\t\t\t<div class=\"elementor-element elementor-element-1765172 e-flex e-con-boxed e-con e-parent\" data-id=\"1765172\" data-element_type=\"container\" data-e-type=\"container\" data-settings=\"{&quot;background_background&quot;:&quot;classic&quot;}\">\n\t\t\t\t\t<div class=\"e-con-inner\">\n\t\t\t\t<div class=\"elementor-element elementor-element-701 elementor-widget elementor-widget-global elementor-global-701 elementor-widget-breadcrumbs\" data-id=\"701\" data-element_type=\"widget\" data-e-type=\"widget\" data-widget_type=\"breadcrumbs.default\">\n\t\t\t\t<div class=\"elementor-widget-container\">\n\t\t\t\t\t<nav id=\"breadcrumbs\"><span><span><a href=\"https:\/\/rsmotorps.com\/\">Inicio<\/a><\/span><\/span><\/nav>\t\t\t\t<\/div>\n\t\t\t\t<\/div>\n\t\t\t\t\t<\/div>\n\t\t\t\t<\/div>\n\t\t<div class=\"elementor-element elementor-element-11f5078 e-flex e-con-boxed e-con e-parent\" data-id=\"11f5078\" data-element_type=\"container\" data-e-type=\"container\">\n\t\t\t\t\t<div class=\"e-con-inner\">\n\t\t<div class=\"elementor-element elementor-element-4cd03c1 e-con-full e-flex e-con e-child\" data-id=\"4cd03c1\" data-element_type=\"container\" data-e-type=\"container\" data-settings=\"{&quot;background_background&quot;:&quot;classic&quot;}\">\n\t\t\t\t<div class=\"elementor-element elementor-element-082bfca elementor-widget__width-initial elementor-widget-tablet__width-inherit elementor-widget elementor-widget-heading\" data-id=\"082bfca\" data-element_type=\"widget\" data-e-type=\"widget\" data-widget_type=\"heading.default\">\n\t\t\t\t<div class=\"elementor-widget-container\">\n\t\t\t\t\t<h1 class=\"elementor-heading-title elementor-size-default\">Motortech<\/h1>\t\t\t\t<\/div>\n\t\t\t\t<\/div>\n\t\t\t\t<div class=\"elementor-element elementor-element-b26f8de elementor-widget__width-initial elementor-widget-tablet__width-inherit elementor-widget elementor-widget-text-editor\" data-id=\"b26f8de\" data-element_type=\"widget\" data-e-type=\"widget\" data-widget_type=\"text-editor.default\">\n\t\t\t\t<div class=\"elementor-widget-container\">\n\t\t\t\t\t\t\t\t\t<p>MOTORTECH GmbH od ponad 30 lat opracowuje i produkuje elementy zap\u0142onu, jednostki steruj\u0105ce mieszank\u0105, systemy zarz\u0105dzania pr\u0119dko\u015bci\u0105 i silnikiem, a tak\u017ce szerok\u0105 gam\u0119 akcesori\u00f3w do silnik\u00f3w gazowych i biogazowych.<\/p>\t\t\t\t\t\t\t\t<\/div>\n\t\t\t\t<\/div>\n\t\t\t\t<\/div>\n\t\t\t\t\t<\/div>\n\t\t\t\t<\/div>\n\t\t<div class=\"elementor-element elementor-element-d1eb24b e-flex e-con-boxed e-con e-parent\" data-id=\"d1eb24b\" data-element_type=\"container\" data-e-type=\"container\">\n\t\t\t\t\t<div class=\"e-con-inner\">\n\t\t\t\t<div class=\"elementor-element elementor-element-507e137 elementor-widget__width-initial elementor-widget elementor-widget-image\" data-id=\"507e137\" data-element_type=\"widget\" data-e-type=\"widget\" data-widget_type=\"image.default\">\n\t\t\t\t<div class=\"elementor-widget-container\">\n\t\t\t\t\t\t\t\t\t\t\t\t\t\t\t<img fetchpriority=\"high\" decoding=\"async\" width=\"800\" height=\"408\" src=\"https:\/\/rsmotorps.com\/wp-content\/uploads\/2025\/04\/motortech.png\" class=\"attachment-large size-large wp-image-34109\" alt=\"\" srcset=\"https:\/\/rsmotorps.com\/wp-content\/uploads\/2025\/04\/motortech.png 812w, https:\/\/rsmotorps.com\/wp-content\/uploads\/2025\/04\/motortech-600x306.png 600w, https:\/\/rsmotorps.com\/wp-content\/uploads\/2025\/04\/motortech-300x153.png 300w, https:\/\/rsmotorps.com\/wp-content\/uploads\/2025\/04\/motortech-768x392.png 768w\" sizes=\"(max-width: 800px) 100vw, 800px\" \/>\t\t\t\t\t\t\t\t\t\t\t\t\t\t\t<\/div>\n\t\t\t\t<\/div>\n\t\t<div class=\"elementor-element elementor-element-d9859cb e-con-full e-flex e-con e-child\" data-id=\"d9859cb\" data-element_type=\"container\" data-e-type=\"container\">\n\t\t\t\t<div class=\"elementor-element elementor-element-02a7db1 elementor-widget elementor-widget-text-editor\" data-id=\"02a7db1\" data-element_type=\"widget\" data-e-type=\"widget\" data-widget_type=\"text-editor.default\">\n\t\t\t\t<div class=\"elementor-widget-container\">\n\t\t\t\t\t\t\t\t\t<h3>OFICJALNY DYSTRYBUTOR MOTORTECH W HISZPANII I PORTUGALIA<\/h3><p><strong>MOTORTECH GmbH od ponad 30 lat opracowuje i produkuje elementy zap\u0142onu, jednostki steruj\u0105ce mieszank\u0105, systemy zarz\u0105dzania<\/strong>\u00a0pr\u0119dko\u015bci\u0105 i silnikiem, a tak\u017ce szerok\u0105 gam\u0119 akcesori\u00f3w\u00a0<strong>do silnik\u00f3w gazowych i biogazowych<\/strong>.<\/p><p><strong>MOTORTECH<\/strong>\u00a0posiada szerok\u0105 gam\u0119 produkt\u00f3w z ponad 1000 referencjami. Nale\u017c\u0105 do nich\u00a0<strong>sterowniki zap\u0142onu, cewki zap\u0142onowe i przewody zap\u0142onowe, \u015bwiece zap\u0142onowe i inne akcesoria<\/strong>\u00a0do zaawansowanych uk\u0142ad\u00f3w zap\u0142onowych.<\/p>\t\t\t\t\t\t\t\t<\/div>\n\t\t\t\t<\/div>\n\t\t\t\t<\/div>\n\t\t\t\t\t<\/div>\n\t\t\t\t<\/div>\n\t\t<div class=\"elementor-element elementor-element-224ee51 e-flex e-con-boxed e-con e-parent\" data-id=\"224ee51\" data-element_type=\"container\" data-e-type=\"container\" data-settings=\"{&quot;background_background&quot;:&quot;classic&quot;}\">\n\t\t\t\t\t<div class=\"e-con-inner\">\n\t\t\t\t<div class=\"elementor-element elementor-element-e85c96b elementor-widget elementor-widget-heading\" data-id=\"e85c96b\" data-element_type=\"widget\" data-e-type=\"widget\" data-widget_type=\"heading.default\">\n\t\t\t\t<div class=\"elementor-widget-container\">\n\t\t\t\t\t<h2 class=\"elementor-heading-title elementor-size-default\">OBSZARY ROBOCZE<\/h2>\t\t\t\t<\/div>\n\t\t\t\t<\/div>\n\t\t\t\t<div class=\"elementor-element elementor-element-6ec9707 elementor-widget-divider--view-line elementor-widget elementor-widget-divider\" data-id=\"6ec9707\" data-element_type=\"widget\" data-e-type=\"widget\" data-widget_type=\"divider.default\">\n\t\t\t\t<div class=\"elementor-widget-container\">\n\t\t\t\t\t\t\t<div class=\"elementor-divider\">\n\t\t\t<span class=\"elementor-divider-separator\">\n\t\t\t\t\t\t<\/span>\n\t\t<\/div>\n\t\t\t\t\t\t<\/div>\n\t\t\t\t<\/div>\n\t\t<div class=\"elementor-element elementor-element-23d43a7 e-grid e-con-full e-con e-child\" data-id=\"23d43a7\" data-element_type=\"container\" data-e-type=\"container\">\n\t\t<a class=\"elementor-element elementor-element-927233b e-con-full e-flex e-con e-child\" data-id=\"927233b\" data-element_type=\"container\" data-e-type=\"container\" href=\"\/en\/motortech\/ignition-and-conversion-kits\/\">\n\t\t\t\t<div class=\"elementor-element elementor-element-df00f0d elementor-widget elementor-widget-image\" data-id=\"df00f0d\" data-element_type=\"widget\" data-e-type=\"widget\" data-widget_type=\"image.default\">\n\t\t\t\t<div class=\"elementor-widget-container\">\n\t\t\t\t\t\t\t\t\t\t\t\t\t\t\t<img decoding=\"async\" width=\"136\" height=\"54\" src=\"https:\/\/rsmotorps.com\/wp-content\/uploads\/2025\/04\/productos-01-encendido-kits-conversion.jpg\" class=\"attachment-large size-large wp-image-34112\" alt=\"\" \/>\t\t\t\t\t\t\t\t\t\t\t\t\t\t\t<\/div>\n\t\t\t\t<\/div>\n\t\t\t\t<div class=\"elementor-element elementor-element-7950fe6 elementor-widget elementor-widget-heading\" data-id=\"7950fe6\" data-element_type=\"widget\" data-e-type=\"widget\" data-widget_type=\"heading.default\">\n\t\t\t\t<div class=\"elementor-widget-container\">\n\t\t\t\t\t<h3 class=\"elementor-heading-title elementor-size-default\">Uk\u0142ady zap\u0142onowe<\/h3>\t\t\t\t<\/div>\n\t\t\t\t<\/div>\n\t\t\t\t<div class=\"elementor-element elementor-element-db3a98f elementor-widget elementor-widget-text-editor\" data-id=\"db3a98f\" data-element_type=\"widget\" data-e-type=\"widget\" data-widget_type=\"text-editor.default\">\n\t\t\t\t<div class=\"elementor-widget-container\">\n\t\t\t\t\t\t\t\t\t<p>Wst\u0119pnie zmontowane, przetestowane fabrycznie uk\u0142ady zap\u0142onowe, kt\u00f3re zapewniaj\u0105 szybki i \u0142atwy monta\u017c na miejscu.<\/p>\t\t\t\t\t\t\t\t<\/div>\n\t\t\t\t<\/div>\n\t\t\t\t<\/a>\n\t\t<a class=\"elementor-element elementor-element-b39ede2 e-con-full e-flex e-con e-child\" data-id=\"b39ede2\" data-element_type=\"container\" data-e-type=\"container\" href=\"\/en\/motortech\/industrial-spark-plugs-and-accessories\/\">\n\t\t\t\t<div class=\"elementor-element elementor-element-40b9ac5 elementor-widget elementor-widget-image\" data-id=\"40b9ac5\" data-element_type=\"widget\" data-e-type=\"widget\" data-widget_type=\"image.default\">\n\t\t\t\t<div class=\"elementor-widget-container\">\n\t\t\t\t\t\t\t\t\t\t\t\t\t\t\t<img decoding=\"async\" width=\"136\" height=\"54\" src=\"https:\/\/rsmotorps.com\/wp-content\/uploads\/2025\/04\/productos-02-bujias-industriales-accesorios.jpg\" class=\"attachment-large size-large wp-image-34115\" alt=\"\" \/>\t\t\t\t\t\t\t\t\t\t\t\t\t\t\t<\/div>\n\t\t\t\t<\/div>\n\t\t\t\t<div class=\"elementor-element elementor-element-639df52 elementor-widget elementor-widget-heading\" data-id=\"639df52\" data-element_type=\"widget\" data-e-type=\"widget\" data-widget_type=\"heading.default\">\n\t\t\t\t<div class=\"elementor-widget-container\">\n\t\t\t\t\t<h3 class=\"elementor-heading-title elementor-size-default\">\u015awiece zap\u0142onowe i akcesoria<\/h3>\t\t\t\t<\/div>\n\t\t\t\t<\/div>\n\t\t\t\t<div class=\"elementor-element elementor-element-6e37289 elementor-widget elementor-widget-text-editor\" data-id=\"6e37289\" data-element_type=\"widget\" data-e-type=\"widget\" data-widget_type=\"text-editor.default\">\n\t\t\t\t<div class=\"elementor-widget-container\">\n\t\t\t\t\t\t\t\t\t<p>Materia\u0142y eksploatacyjne do \u015bwiec zap\u0142onowych DENSO, CHAMPION i BERU wraz z pe\u0142n\u0105 gam\u0105 akcesori\u00f3w do czyszczenia, testowania i utrzymywania \u015bwiec zap\u0142onowych w idealnym stanie.<\/p>\t\t\t\t\t\t\t\t<\/div>\n\t\t\t\t<\/div>\n\t\t\t\t<\/a>\n\t\t<a class=\"elementor-element elementor-element-d0eb7db e-con-full e-flex e-con e-child\" data-id=\"d0eb7db\" data-element_type=\"container\" data-e-type=\"container\" href=\"\/en\/motortech\/gas-engines-management\/\">\n\t\t\t\t<div class=\"elementor-element elementor-element-5c393dc elementor-widget elementor-widget-image\" data-id=\"5c393dc\" data-element_type=\"widget\" data-e-type=\"widget\" data-widget_type=\"image.default\">\n\t\t\t\t<div class=\"elementor-widget-container\">\n\t\t\t\t\t\t\t\t\t\t\t\t\t\t\t<img loading=\"lazy\" decoding=\"async\" width=\"136\" height=\"54\" src=\"https:\/\/rsmotorps.com\/wp-content\/uploads\/2025\/04\/productos-03-control-manejo-motor-gas.jpg\" class=\"attachment-large size-large wp-image-34114\" alt=\"\" \/>\t\t\t\t\t\t\t\t\t\t\t\t\t\t\t<\/div>\n\t\t\t\t<\/div>\n\t\t\t\t<div class=\"elementor-element elementor-element-c091309 elementor-widget elementor-widget-heading\" data-id=\"c091309\" data-element_type=\"widget\" data-e-type=\"widget\" data-widget_type=\"heading.default\">\n\t\t\t\t<div class=\"elementor-widget-container\">\n\t\t\t\t\t<h3 class=\"elementor-heading-title elementor-size-default\">Zarz\u0105dzanie silnikiem gazowym<\/h3>\t\t\t\t<\/div>\n\t\t\t\t<\/div>\n\t\t\t\t<div class=\"elementor-element elementor-element-b3f7aa5 elementor-widget elementor-widget-text-editor\" data-id=\"b3f7aa5\" data-element_type=\"widget\" data-e-type=\"widget\" data-widget_type=\"text-editor.default\">\n\t\t\t\t<div class=\"elementor-widget-container\">\n\t\t\t\t\t\t\t\t\t<p>Kompleksowy system do zarz\u0105dzania silnikami gazowymi i ich komponentami oraz do zarz\u0105dzania sam\u0105 elektrociep\u0142owni\u0105 (CHP).<\/p>\t\t\t\t\t\t\t\t<\/div>\n\t\t\t\t<\/div>\n\t\t\t\t<\/a>\n\t\t<a class=\"elementor-element elementor-element-b7e29f8 e-con-full e-flex e-con e-child\" data-id=\"b7e29f8\" data-element_type=\"container\" data-e-type=\"container\" href=\"\/en\/motortech\/wiring-systems\/\">\n\t\t\t\t<div class=\"elementor-element elementor-element-c5c48d8 elementor-widget elementor-widget-image\" data-id=\"c5c48d8\" data-element_type=\"widget\" data-e-type=\"widget\" data-widget_type=\"image.default\">\n\t\t\t\t<div class=\"elementor-widget-container\">\n\t\t\t\t\t\t\t\t\t\t\t\t\t\t\t<img loading=\"lazy\" decoding=\"async\" width=\"136\" height=\"54\" src=\"https:\/\/rsmotorps.com\/wp-content\/uploads\/2025\/04\/productos-04-sistemas-cableado.jpg\" class=\"attachment-large size-large wp-image-34113\" alt=\"\" \/>\t\t\t\t\t\t\t\t\t\t\t\t\t\t\t<\/div>\n\t\t\t\t<\/div>\n\t\t\t\t<div class=\"elementor-element elementor-element-7679b60 elementor-widget elementor-widget-heading\" data-id=\"7679b60\" data-element_type=\"widget\" data-e-type=\"widget\" data-widget_type=\"heading.default\">\n\t\t\t\t<div class=\"elementor-widget-container\">\n\t\t\t\t\t<h3 class=\"elementor-heading-title elementor-size-default\">Systemy okablowania<\/h3>\t\t\t\t<\/div>\n\t\t\t\t<\/div>\n\t\t\t\t<div class=\"elementor-element elementor-element-58cc61d elementor-widget elementor-widget-text-editor\" data-id=\"58cc61d\" data-element_type=\"widget\" data-e-type=\"widget\" data-widget_type=\"text-editor.default\">\n\t\t\t\t<div class=\"elementor-widget-container\">\n\t\t\t\t\t\t\t\t\t<p>Przewody i szyny zap\u0142onowe MOTORTECH s\u0105 kompatybilne z prawie wszystkimi silnikami gazowymi.<\/p>\t\t\t\t\t\t\t\t<\/div>\n\t\t\t\t<\/div>\n\t\t\t\t<\/a>\n\t\t<a class=\"elementor-element elementor-element-7401b6b e-con-full e-flex e-con e-child\" data-id=\"7401b6b\" data-element_type=\"container\" data-e-type=\"container\" href=\"\/en\/motortech\/mixing-regulation\/\">\n\t\t\t\t<div class=\"elementor-element elementor-element-1a74c46 elementor-widget elementor-widget-image\" data-id=\"1a74c46\" data-element_type=\"widget\" data-e-type=\"widget\" data-widget_type=\"image.default\">\n\t\t\t\t<div class=\"elementor-widget-container\">\n\t\t\t\t\t\t\t\t\t\t\t\t\t\t\t<img loading=\"lazy\" decoding=\"async\" width=\"136\" height=\"54\" src=\"https:\/\/rsmotorps.com\/wp-content\/uploads\/2025\/04\/productos-05-regulacion-mezcla.jpg\" class=\"attachment-large size-large wp-image-34116\" alt=\"\" \/>\t\t\t\t\t\t\t\t\t\t\t\t\t\t\t<\/div>\n\t\t\t\t<\/div>\n\t\t\t\t<div class=\"elementor-element elementor-element-f76b173 elementor-widget elementor-widget-heading\" data-id=\"f76b173\" data-element_type=\"widget\" data-e-type=\"widget\" data-widget_type=\"heading.default\">\n\t\t\t\t<div class=\"elementor-widget-container\">\n\t\t\t\t\t<h3 class=\"elementor-heading-title elementor-size-default\">Sterowanie mieszank\u0105<\/h3>\t\t\t\t<\/div>\n\t\t\t\t<\/div>\n\t\t\t\t<div class=\"elementor-element elementor-element-11cc6bf elementor-widget elementor-widget-text-editor\" data-id=\"11cc6bf\" data-element_type=\"widget\" data-e-type=\"widget\" data-widget_type=\"text-editor.default\">\n\t\t\t\t<div class=\"elementor-widget-container\">\n\t\t\t\t\t\t\t\t\t<p>Motortech oferuje szerok\u0105 gam\u0119 w\u0142asnych rozwi\u0105za\u0144 w zakresie kontroli emisji i zaawansowanej regulacji mieszanki.<\/p>\t\t\t\t\t\t\t\t<\/div>\n\t\t\t\t<\/div>\n\t\t\t\t<\/a>\n\t\t<a class=\"elementor-element elementor-element-7b8b793 e-con-full e-flex e-con e-child\" data-id=\"7b8b793\" data-element_type=\"container\" data-e-type=\"container\" href=\"\/en\/motortech\/catalysts\/\">\n\t\t\t\t<div class=\"elementor-element elementor-element-8e048fc elementor-widget elementor-widget-image\" data-id=\"8e048fc\" data-element_type=\"widget\" data-e-type=\"widget\" data-widget_type=\"image.default\">\n\t\t\t\t<div class=\"elementor-widget-container\">\n\t\t\t\t\t\t\t\t\t\t\t\t\t\t\t<img loading=\"lazy\" decoding=\"async\" width=\"136\" height=\"54\" src=\"https:\/\/rsmotorps.com\/wp-content\/uploads\/2025\/04\/productos-06-motores-gas-accesorios-generales.jpg\" class=\"attachment-large size-large wp-image-34117\" alt=\"\" \/>\t\t\t\t\t\t\t\t\t\t\t\t\t\t\t<\/div>\n\t\t\t\t<\/div>\n\t\t\t\t<div class=\"elementor-element elementor-element-994606d elementor-widget elementor-widget-heading\" data-id=\"994606d\" data-element_type=\"widget\" data-e-type=\"widget\" data-widget_type=\"heading.default\">\n\t\t\t\t<div class=\"elementor-widget-container\">\n\t\t\t\t\t<h3 class=\"elementor-heading-title elementor-size-default\">Katalizatory<\/h3>\t\t\t\t<\/div>\n\t\t\t\t<\/div>\n\t\t\t\t<div class=\"elementor-element elementor-element-8dc9453 elementor-widget elementor-widget-text-editor\" data-id=\"8dc9453\" data-element_type=\"widget\" data-e-type=\"widget\" data-widget_type=\"text-editor.default\">\n\t\t\t\t<div class=\"elementor-widget-container\">\n\t\t\t\t\t\t\t\t\t<div>\n<div>\n<div>\n<div>\n<section>\n<div>\n<div>\n<div>\n<div>\n<div data-structure=\"4-4-4\">\n<div data-width=\"4\" data-bt-override-class=\"{}\">\n<div>\n<div>\n<div>\n<div>\n<p>Motortech oferuje specjalne rozwi\u0105zania dla katalizator\u00f3w spalin, zdolne do dostosowania emisji z silnik\u00f3w gazowych do najnowszych norm prawnych<\/p>\n<\/div>\n<\/div>\n<\/div>\n<\/div>\n<\/div>\n<\/div>\n<\/div>\n<\/div>\n<\/div>\n<\/div>\n<\/section>\n<\/div>\n<\/div>\n<\/div>\n<\/div>\t\t\t\t\t\t\t\t<\/div>\n\t\t\t\t<\/div>\n\t\t\t\t<\/a>\n\t\t\t\t<\/div>\n\t\t\t\t\t<\/div>\n\t\t\t\t<\/div>\n\t\t\t\t<\/div>\n\t\t","protected":false},"excerpt":{"rendered":"<p>Motortech MOTORTECH GmbH od ponad 30 lat opracowuje i produkuje elementy zap\u0142onu, jednostki steruj\u0105ce mieszank\u0105, systemy zarz\u0105dzania pr\u0119dko\u015bci\u0105 i silnikiem, a tak\u017ce szerok\u0105 gam\u0119 akcesori\u00f3w do silnik\u00f3w gazowych i biogazowych. OFICJALNY DYSTRYBUTOR MOTORTECH W HISZPANII I PORTUGALIA MOTORTECH GmbH od ponad 30 lat opracowuje i produkuje elementy zap\u0142onu, jednostki steruj\u0105ce mieszank\u0105, systemy zarz\u0105dzania\u00a0pr\u0119dko\u015bci\u0105 i silnikiem, [&hellip;]<\/p>\n","protected":false},"author":1,"featured_media":0,"parent":0,"menu_order":0,"comment_status":"closed","ping_status":"closed","template":"","meta":{"_acf_changed":false,"footnotes":""},"class_list":["post-34108","page","type-page","status-publish","hentry"],"acf":[],"yoast_head":"<!-- This site is optimized with the Yoast SEO plugin v27.4 - https:\/\/yoast.com\/product\/yoast-seo-wordpress\/ -->\n<title>MOTORTECH - RS Motor<\/title>\n<meta name=\"robots\" content=\"index, follow, max-snippet:-1, max-image-preview:large, max-video-preview:-1\" \/>\n<link rel=\"canonical\" href=\"https:\/\/rsmotorps.com\/motortech\/\" \/>\n<meta property=\"og:locale\" content=\"pl_PL\" \/>\n<meta property=\"og:type\" content=\"article\" \/>\n<meta property=\"og:title\" content=\"MOTORTECH - RS Motor\" \/>\n<meta property=\"og:description\" content=\"Motortech MOTORTECH GmbH od ponad 30 lat opracowuje i produkuje elementy zap\u0142onu, jednostki steruj\u0105ce mieszank\u0105, systemy zarz\u0105dzania pr\u0119dko\u015bci\u0105 i silnikiem, a tak\u017ce szerok\u0105 gam\u0119 akcesori\u00f3w do silnik\u00f3w gazowych i biogazowych. OFICJALNY DYSTRYBUTOR MOTORTECH W HISZPANII I PORTUGALIA MOTORTECH GmbH od ponad 30 lat opracowuje i produkuje elementy zap\u0142onu, jednostki steruj\u0105ce mieszank\u0105, systemy zarz\u0105dzania\u00a0pr\u0119dko\u015bci\u0105 i silnikiem, [&hellip;]\" \/>\n<meta property=\"og:url\" content=\"https:\/\/rsmotorps.com\/motortech\/\" \/>\n<meta property=\"og:site_name\" content=\"RS Motor\" \/>\n<meta property=\"article:modified_time\" content=\"2025-06-18T10:53:55+00:00\" \/>\n<meta property=\"og:image\" content=\"https:\/\/rsmotorps.com\/wp-content\/uploads\/2025\/04\/motortech.png\" \/>\n<meta name=\"twitter:card\" content=\"summary_large_image\" \/>\n<meta name=\"twitter:label1\" content=\"Szacowany czas czytania\" \/>\n\t<meta name=\"twitter:data1\" content=\"3 minuty\" \/>\n<script type=\"application\/ld+json\" class=\"yoast-schema-graph\">{\"@context\":\"https:\\\/\\\/schema.org\",\"@graph\":[{\"@type\":\"WebPage\",\"@id\":\"https:\\\/\\\/rsmotorps.com\\\/motortech\\\/\",\"url\":\"https:\\\/\\\/rsmotorps.com\\\/motortech\\\/\",\"name\":\"MOTORTECH - RS Motor\",\"isPartOf\":{\"@id\":\"https:\\\/\\\/rsmotorps.com\\\/#website\"},\"primaryImageOfPage\":{\"@id\":\"https:\\\/\\\/rsmotorps.com\\\/motortech\\\/#primaryimage\"},\"image\":{\"@id\":\"https:\\\/\\\/rsmotorps.com\\\/motortech\\\/#primaryimage\"},\"thumbnailUrl\":\"https:\\\/\\\/rsmotorps.com\\\/wp-content\\\/uploads\\\/2025\\\/04\\\/motortech.png\",\"datePublished\":\"2025-04-15T09:10:11+00:00\",\"dateModified\":\"2025-06-18T10:53:55+00:00\",\"breadcrumb\":{\"@id\":\"https:\\\/\\\/rsmotorps.com\\\/motortech\\\/#breadcrumb\"},\"inLanguage\":\"pl-PL\",\"potentialAction\":[{\"@type\":\"ReadAction\",\"target\":[\"https:\\\/\\\/rsmotorps.com\\\/motortech\\\/\"]}]},{\"@type\":\"ImageObject\",\"inLanguage\":\"pl-PL\",\"@id\":\"https:\\\/\\\/rsmotorps.com\\\/motortech\\\/#primaryimage\",\"url\":\"https:\\\/\\\/rsmotorps.com\\\/wp-content\\\/uploads\\\/2025\\\/04\\\/motortech.png\",\"contentUrl\":\"https:\\\/\\\/rsmotorps.com\\\/wp-content\\\/uploads\\\/2025\\\/04\\\/motortech.png\"},{\"@type\":\"BreadcrumbList\",\"@id\":\"https:\\\/\\\/rsmotorps.com\\\/motortech\\\/#breadcrumb\",\"itemListElement\":[{\"@type\":\"ListItem\",\"position\":1,\"name\":\"Inicio\",\"item\":\"https:\\\/\\\/rsmotorps.com\\\/\"},{\"@type\":\"ListItem\",\"position\":2,\"name\":\"MOTORTECH\"}]},{\"@type\":\"WebSite\",\"@id\":\"https:\\\/\\\/rsmotorps.com\\\/#website\",\"url\":\"https:\\\/\\\/rsmotorps.com\\\/\",\"name\":\"RS Motor\",\"description\":\"Otro sitio realizado con WordPress\",\"publisher\":{\"@id\":\"https:\\\/\\\/rsmotorps.com\\\/#organization\"},\"potentialAction\":[{\"@type\":\"SearchAction\",\"target\":{\"@type\":\"EntryPoint\",\"urlTemplate\":\"https:\\\/\\\/rsmotorps.com\\\/?s={search_term_string}\"},\"query-input\":{\"@type\":\"PropertyValueSpecification\",\"valueRequired\":true,\"valueName\":\"search_term_string\"}}],\"inLanguage\":\"pl-PL\"},{\"@type\":\"Organization\",\"@id\":\"https:\\\/\\\/rsmotorps.com\\\/#organization\",\"name\":\"RS Motor\",\"url\":\"https:\\\/\\\/rsmotorps.com\\\/\",\"logo\":{\"@type\":\"ImageObject\",\"inLanguage\":\"pl-PL\",\"@id\":\"https:\\\/\\\/rsmotorps.com\\\/#\\\/schema\\\/logo\\\/image\\\/\",\"url\":\"https:\\\/\\\/rsmotorps.com\\\/wp-content\\\/uploads\\\/2022\\\/04\\\/cropped-1-LOGO-PRINCIPAL-rsmotor-color-sinfondo-1.png\",\"contentUrl\":\"https:\\\/\\\/rsmotorps.com\\\/wp-content\\\/uploads\\\/2022\\\/04\\\/cropped-1-LOGO-PRINCIPAL-rsmotor-color-sinfondo-1.png\",\"width\":1417,\"height\":634,\"caption\":\"RS Motor\"},\"image\":{\"@id\":\"https:\\\/\\\/rsmotorps.com\\\/#\\\/schema\\\/logo\\\/image\\\/\"}}]}<\/script>\n<!-- \/ Yoast SEO plugin. -->","yoast_head_json":{"title":"MOTORTECH - RS Motor","robots":{"index":"index","follow":"follow","max-snippet":"max-snippet:-1","max-image-preview":"max-image-preview:large","max-video-preview":"max-video-preview:-1"},"canonical":"https:\/\/rsmotorps.com\/motortech\/","og_locale":"pl_PL","og_type":"article","og_title":"MOTORTECH - RS Motor","og_description":"Motortech MOTORTECH GmbH od ponad 30 lat opracowuje i produkuje elementy zap\u0142onu, jednostki steruj\u0105ce mieszank\u0105, systemy zarz\u0105dzania pr\u0119dko\u015bci\u0105 i silnikiem, a tak\u017ce szerok\u0105 gam\u0119 akcesori\u00f3w do silnik\u00f3w gazowych i biogazowych. OFICJALNY DYSTRYBUTOR MOTORTECH W HISZPANII I PORTUGALIA MOTORTECH GmbH od ponad 30 lat opracowuje i produkuje elementy zap\u0142onu, jednostki steruj\u0105ce mieszank\u0105, systemy zarz\u0105dzania\u00a0pr\u0119dko\u015bci\u0105 i silnikiem, [&hellip;]","og_url":"https:\/\/rsmotorps.com\/motortech\/","og_site_name":"RS Motor","article_modified_time":"2025-06-18T10:53:55+00:00","og_image":[{"url":"https:\/\/rsmotorps.com\/wp-content\/uploads\/2025\/04\/motortech.png","type":"","width":"","height":""}],"twitter_card":"summary_large_image","twitter_misc":{"Szacowany czas czytania":"3 minuty"},"schema":{"@context":"https:\/\/schema.org","@graph":[{"@type":"WebPage","@id":"https:\/\/rsmotorps.com\/motortech\/","url":"https:\/\/rsmotorps.com\/motortech\/","name":"MOTORTECH - RS Motor","isPartOf":{"@id":"https:\/\/rsmotorps.com\/#website"},"primaryImageOfPage":{"@id":"https:\/\/rsmotorps.com\/motortech\/#primaryimage"},"image":{"@id":"https:\/\/rsmotorps.com\/motortech\/#primaryimage"},"thumbnailUrl":"https:\/\/rsmotorps.com\/wp-content\/uploads\/2025\/04\/motortech.png","datePublished":"2025-04-15T09:10:11+00:00","dateModified":"2025-06-18T10:53:55+00:00","breadcrumb":{"@id":"https:\/\/rsmotorps.com\/motortech\/#breadcrumb"},"inLanguage":"pl-PL","potentialAction":[{"@type":"ReadAction","target":["https:\/\/rsmotorps.com\/motortech\/"]}]},{"@type":"ImageObject","inLanguage":"pl-PL","@id":"https:\/\/rsmotorps.com\/motortech\/#primaryimage","url":"https:\/\/rsmotorps.com\/wp-content\/uploads\/2025\/04\/motortech.png","contentUrl":"https:\/\/rsmotorps.com\/wp-content\/uploads\/2025\/04\/motortech.png"},{"@type":"BreadcrumbList","@id":"https:\/\/rsmotorps.com\/motortech\/#breadcrumb","itemListElement":[{"@type":"ListItem","position":1,"name":"Inicio","item":"https:\/\/rsmotorps.com\/"},{"@type":"ListItem","position":2,"name":"MOTORTECH"}]},{"@type":"WebSite","@id":"https:\/\/rsmotorps.com\/#website","url":"https:\/\/rsmotorps.com\/","name":"RS Motor","description":"Otro sitio realizado con WordPress","publisher":{"@id":"https:\/\/rsmotorps.com\/#organization"},"potentialAction":[{"@type":"SearchAction","target":{"@type":"EntryPoint","urlTemplate":"https:\/\/rsmotorps.com\/?s={search_term_string}"},"query-input":{"@type":"PropertyValueSpecification","valueRequired":true,"valueName":"search_term_string"}}],"inLanguage":"pl-PL"},{"@type":"Organization","@id":"https:\/\/rsmotorps.com\/#organization","name":"RS Motor","url":"https:\/\/rsmotorps.com\/","logo":{"@type":"ImageObject","inLanguage":"pl-PL","@id":"https:\/\/rsmotorps.com\/#\/schema\/logo\/image\/","url":"https:\/\/rsmotorps.com\/wp-content\/uploads\/2022\/04\/cropped-1-LOGO-PRINCIPAL-rsmotor-color-sinfondo-1.png","contentUrl":"https:\/\/rsmotorps.com\/wp-content\/uploads\/2022\/04\/cropped-1-LOGO-PRINCIPAL-rsmotor-color-sinfondo-1.png","width":1417,"height":634,"caption":"RS Motor"},"image":{"@id":"https:\/\/rsmotorps.com\/#\/schema\/logo\/image\/"}}]}},"_links":{"self":[{"href":"https:\/\/rsmotorps.com\/pl\/wp-json\/wp\/v2\/pages\/34108","targetHints":{"allow":["GET"]}}],"collection":[{"href":"https:\/\/rsmotorps.com\/pl\/wp-json\/wp\/v2\/pages"}],"about":[{"href":"https:\/\/rsmotorps.com\/pl\/wp-json\/wp\/v2\/types\/page"}],"author":[{"embeddable":true,"href":"https:\/\/rsmotorps.com\/pl\/wp-json\/wp\/v2\/users\/1"}],"replies":[{"embeddable":true,"href":"https:\/\/rsmotorps.com\/pl\/wp-json\/wp\/v2\/comments?post=34108"}],"version-history":[{"count":3,"href":"https:\/\/rsmotorps.com\/pl\/wp-json\/wp\/v2\/pages\/34108\/revisions"}],"predecessor-version":[{"id":34120,"href":"https:\/\/rsmotorps.com\/pl\/wp-json\/wp\/v2\/pages\/34108\/revisions\/34120"}],"wp:attachment":[{"href":"https:\/\/rsmotorps.com\/pl\/wp-json\/wp\/v2\/media?parent=34108"}],"curies":[{"name":"wp","href":"https:\/\/api.w.org\/{rel}","templated":true}]}}