{"id":34121,"date":"2025-04-07T16:08:40","date_gmt":"2025-04-07T15:08:40","guid":{"rendered":"https:\/\/rsmotorps.com\/instalaciones\/"},"modified":"2025-06-18T11:12:50","modified_gmt":"2025-06-18T11:12:50","slug":"instalacji","status":"publish","type":"page","link":"https:\/\/rsmotorps.com\/pl\/instalacji\/","title":{"rendered":"Instalacji"},"content":{"rendered":"\t\t<div data-elementor-type=\"wp-page\" data-elementor-id=\"34121\" class=\"elementor elementor-34121 elementor-293\" data-elementor-post-type=\"page\">\n\t\t\t\t<div class=\"elementor-element elementor-element-ea7ef91 e-flex e-con-boxed e-con e-parent\" data-id=\"ea7ef91\" data-element_type=\"container\" data-e-type=\"container\" data-settings=\"{&quot;background_background&quot;:&quot;classic&quot;}\">\n\t\t\t\t\t<div class=\"e-con-inner\">\n\t\t<div class=\"elementor-element elementor-element-db41535 e-flex e-con-boxed e-con e-child\" data-id=\"db41535\" data-element_type=\"container\" data-e-type=\"container\" data-settings=\"{&quot;position&quot;:&quot;absolute&quot;}\">\n\t\t\t\t\t<div class=\"e-con-inner\">\n\t\t\t\t<div class=\"elementor-element elementor-element-8351376 elementor-widget elementor-widget-global elementor-global-1032 elementor-widget-breadcrumbs\" data-id=\"8351376\" data-element_type=\"widget\" data-e-type=\"widget\" data-widget_type=\"breadcrumbs.default\">\n\t\t\t\t<div class=\"elementor-widget-container\">\n\t\t\t\t\t<p id=\"breadcrumbs\"><span><span><a href=\"https:\/\/rsmotorps.com\/\">Inicio<\/a><\/span><\/span><\/p>\t\t\t\t<\/div>\n\t\t\t\t<\/div>\n\t\t\t\t\t<\/div>\n\t\t\t\t<\/div>\n\t\t\t\t<div class=\"elementor-element elementor-element-bd498e5 elementor-widget elementor-widget-heading\" data-id=\"bd498e5\" data-element_type=\"widget\" data-e-type=\"widget\" data-widget_type=\"heading.default\">\n\t\t\t\t<div class=\"elementor-widget-container\">\n\t\t\t\t\t<h1 class=\"elementor-heading-title elementor-size-default\">Instalacji<\/h1>\t\t\t\t<\/div>\n\t\t\t\t<\/div>\n\t\t\t\t\t<\/div>\n\t\t\t\t<\/div>\n\t\t<div class=\"elementor-element elementor-element-50bcf81 e-flex e-con-boxed e-con e-parent\" data-id=\"50bcf81\" data-element_type=\"container\" data-e-type=\"container\">\n\t\t\t\t\t<div class=\"e-con-inner\">\n\t\t<div class=\"elementor-element elementor-element-b869e22 e-con-full e-flex e-con e-child\" data-id=\"b869e22\" data-element_type=\"container\" data-e-type=\"container\">\n\t\t\t\t<div class=\"elementor-element elementor-element-7c00fe0 elementor-widget elementor-widget-text-editor\" data-id=\"7c00fe0\" data-element_type=\"widget\" data-e-type=\"widget\" data-widget_type=\"text-editor.default\">\n\t\t\t\t<div class=\"elementor-widget-container\">\n\t\t\t\t\t\t\t\t\t<p>Nasze obiekty w Porri\u00f1o (Pontevedra) maj\u0105 powierzchni\u0119 2.000 m2, podzielon\u0105 na biura, warsztat z mo\u017cliwo\u015bci\u0105 wykonywania wszelkiego rodzaju prac przy silnikach oraz miejsce do przechowywania zapas\u00f3w i element\u00f3w regenerowanych.<\/p>\t\t\t\t\t\t\t\t<\/div>\n\t\t\t\t<\/div>\n\t\t\t\t<div class=\"elementor-element elementor-element-98b96db elementor-hidden-mobile elementor-widget elementor-widget-image\" data-id=\"98b96db\" data-element_type=\"widget\" data-e-type=\"widget\" data-widget_type=\"image.default\">\n\t\t\t\t<div class=\"elementor-widget-container\">\n\t\t\t\t\t\t\t\t\t\t\t\t\t\t\t<img fetchpriority=\"high\" decoding=\"async\" width=\"700\" height=\"277\" src=\"https:\/\/rsmotorps.com\/wp-content\/uploads\/2025\/04\/instalaciones-pagina-02.jpg\" class=\"attachment-large size-large wp-image-34123\" alt=\"\" srcset=\"https:\/\/rsmotorps.com\/wp-content\/uploads\/2025\/04\/instalaciones-pagina-02.jpg 700w, https:\/\/rsmotorps.com\/wp-content\/uploads\/2025\/04\/instalaciones-pagina-02-600x237.jpg 600w, https:\/\/rsmotorps.com\/wp-content\/uploads\/2025\/04\/instalaciones-pagina-02-300x119.jpg 300w\" sizes=\"(max-width: 700px) 100vw, 700px\" \/>\t\t\t\t\t\t\t\t\t\t\t\t\t\t\t<\/div>\n\t\t\t\t<\/div>\n\t\t\t\t<\/div>\n\t\t<div class=\"elementor-element elementor-element-937e0de e-con-full e-flex e-con e-child\" data-id=\"937e0de\" data-element_type=\"container\" data-e-type=\"container\" data-settings=\"{&quot;background_background&quot;:&quot;classic&quot;}\">\n\t\t\t\t<\/div>\n\t\t\t\t\t<\/div>\n\t\t\t\t<\/div>\n\t\t<div class=\"elementor-element elementor-element-b2ae709 e-flex e-con-boxed e-con e-parent\" data-id=\"b2ae709\" data-element_type=\"container\" data-e-type=\"container\">\n\t\t\t\t\t<div class=\"e-con-inner\">\n\t\t\t\t<div class=\"elementor-element elementor-element-6610d89 elementor-widget elementor-widget-heading\" data-id=\"6610d89\" data-element_type=\"widget\" data-e-type=\"widget\" data-widget_type=\"heading.default\">\n\t\t\t\t<div class=\"elementor-widget-container\">\n\t\t\t\t\t<h2 class=\"elementor-heading-title elementor-size-default\">OBIEKTY RS MOTOR<\/h2>\t\t\t\t<\/div>\n\t\t\t\t<\/div>\n\t\t\t\t<div class=\"elementor-element elementor-element-09c06bb elementor-widget-divider--view-line elementor-widget elementor-widget-divider\" data-id=\"09c06bb\" data-element_type=\"widget\" data-e-type=\"widget\" data-widget_type=\"divider.default\">\n\t\t\t\t<div class=\"elementor-widget-container\">\n\t\t\t\t\t\t\t<div class=\"elementor-divider\">\n\t\t\t<span class=\"elementor-divider-separator\">\n\t\t\t\t\t\t<\/span>\n\t\t<\/div>\n\t\t\t\t\t\t<\/div>\n\t\t\t\t<\/div>\n\t\t\t\t\t<\/div>\n\t\t\t\t<\/div>\n\t\t<div class=\"elementor-element elementor-element-6c01aef e-flex e-con-boxed e-con e-parent\" data-id=\"6c01aef\" data-element_type=\"container\" data-e-type=\"container\">\n\t\t\t\t\t<div class=\"e-con-inner\">\n\t\t\t\t<div class=\"elementor-element elementor-element-7f9ddba elementor-widget__width-initial elementor-widget elementor-widget-n-accordion\" data-id=\"7f9ddba\" data-element_type=\"widget\" data-e-type=\"widget\" data-settings=\"{&quot;default_state&quot;:&quot;expanded&quot;,&quot;max_items_expended&quot;:&quot;one&quot;,&quot;n_accordion_animation_duration&quot;:{&quot;unit&quot;:&quot;ms&quot;,&quot;size&quot;:400,&quot;sizes&quot;:[]}}\" data-widget_type=\"nested-accordion.default\">\n\t\t\t\t<div class=\"elementor-widget-container\">\n\t\t\t\t\t\t\t<div class=\"e-n-accordion\" aria-label=\"Accordion. Open links with Enter or Space, close with Escape, and navigate with Arrow Keys\">\n\t\t\t\t\t\t<details id=\"e-n-accordion-item-1330\" class=\"e-n-accordion-item\" open>\n\t\t\t\t<summary class=\"e-n-accordion-item-title\" data-accordion-index=\"1\" tabindex=\"0\" aria-expanded=\"true\" aria-controls=\"e-n-accordion-item-1330\" >\n\t\t\t\t\t<span class='e-n-accordion-item-title-header'><div class=\"e-n-accordion-item-title-text\"> Nasze obiekty <\/div><\/span>\n\t\t\t\t\t\t\t<span class='e-n-accordion-item-title-icon'>\n\t\t\t<span class='e-opened' ><i aria-hidden=\"true\" class=\"fas fa-angle-up\"><\/i><\/span>\n\t\t\t<span class='e-closed'><i aria-hidden=\"true\" class=\"fas fa-angle-up\"><\/i><\/span>\n\t\t<\/span>\n\n\t\t\t\t\t\t<\/summary>\n\t\t\t\t<div role=\"region\" aria-labelledby=\"e-n-accordion-item-1330\" class=\"elementor-element elementor-element-e3eb9a7 e-con-full e-flex e-con e-child\" data-id=\"e3eb9a7\" data-element_type=\"container\" data-e-type=\"container\">\n\t\t<div role=\"region\" aria-labelledby=\"e-n-accordion-item-1330\" class=\"elementor-element elementor-element-3df9db1 e-flex e-con-boxed e-con e-child\" data-id=\"3df9db1\" data-element_type=\"container\" data-e-type=\"container\">\n\t\t\t\t\t<div class=\"e-con-inner\">\n\t\t\t\t<div class=\"elementor-element elementor-element-23ffff7 elementor-widget elementor-widget-text-editor\" data-id=\"23ffff7\" data-element_type=\"widget\" data-e-type=\"widget\" data-widget_type=\"text-editor.default\">\n\t\t\t\t<div class=\"elementor-widget-container\">\n\t\t\t\t\t\t\t\t\t<p>Dysponujemy zapleczem pomocniczym do przechowywania blok\u00f3w silnikowych, silnik\u00f3w u\u017cywanych oraz element\u00f3w niskoobrotowych.<\/p><div class=\"row\"><div class=\"col col-12 col-md-6\"><ul><li>Suwnice Varius do 25,50 tony.<\/li><li>Bank si\u0142ownik\u00f3w Heinzmann.<\/li><li>Symulator silnika DEUTZ \/ MWM.<\/li><li>Ultrad\u017awi\u0119kowa maszyna czyszcz\u0105ca.<\/li><li>Centrum obr\u00f3bcze z tokark\u0105 i frezark\u0105.<\/li><li>Varios Tokarka silnika do r\u00f3\u017cnych silnik\u00f3w.<\/li><li>Sprz\u0119t do \u015brutowania.<\/li><li>Manometry WIKA.<\/li><li>Analizatory gaz\u00f3w.<\/li><li>Wideoskopy.<\/li><li>Endoskopy.<\/li><li>Hydrauliczna g\u0142owica cylindra i urz\u0105dzenia mocuj\u0105ce p\u0142yt\u0119 \u0142\u00f3\u017cka do silnik\u00f3w DEUTZ \/ MWM, Jenbacher i Guascor.<\/li><li>Spawalniczy.<\/li><li>Miernik spr\u0119\u017carki.<\/li><li>Oscyloskopy analogowe.<\/li><li>Szlifierki do gniazd zawor\u00f3w.<\/li><li>Wyr\u00f3wnywacze dysz smaruj\u0105cych.<\/li><li>Aligner laserowy.<\/li><li>Miernik chropowato\u015bci. Miernik niedoskona\u0142o\u015bci.<\/li><li>Cysterny.<\/li><li>Mno\u017cniki momentu obrotowego.<\/li><li>Detektor p\u0119kni\u0119\u0107 cz\u0105stek magnetycznych i \u015bwiat\u0142a czarnego.<\/li><li>Specjalne oprzyrz\u0105dowanie do wysoko\u015bci zaworu.<\/li><li>Kalibrator proces\u00f3w przemys\u0142owych.<\/li><\/ul><\/div><\/div>\t\t\t\t\t\t\t\t<\/div>\n\t\t\t\t<\/div>\n\t\t\t\t\t<\/div>\n\t\t\t\t<\/div>\n\t\t\t\t<\/div>\n\t\t\t\t\t<\/details>\n\t\t\t\t\t<\/div>\n\t\t\t\t\t\t<\/div>\n\t\t\t\t<\/div>\n\t\t<div class=\"elementor-element elementor-element-065bd6a e-con-full e-flex e-con e-child\" data-id=\"065bd6a\" data-element_type=\"container\" data-e-type=\"container\">\n\t\t\t\t<div class=\"elementor-element elementor-element-fb920d7 elementor-hidden-mobile elementor-widget elementor-widget-image\" data-id=\"fb920d7\" data-element_type=\"widget\" data-e-type=\"widget\" data-widget_type=\"image.default\">\n\t\t\t\t<div class=\"elementor-widget-container\">\n\t\t\t\t\t\t\t\t\t\t\t\t\t\t\t<img decoding=\"async\" width=\"700\" height=\"319\" src=\"https:\/\/rsmotorps.com\/wp-content\/uploads\/2025\/04\/instalaciones-03.webp\" class=\"attachment-large size-large wp-image-34125\" alt=\"\" srcset=\"https:\/\/rsmotorps.com\/wp-content\/uploads\/2025\/04\/instalaciones-03.webp 700w, https:\/\/rsmotorps.com\/wp-content\/uploads\/2025\/04\/instalaciones-03-600x273.webp 600w, https:\/\/rsmotorps.com\/wp-content\/uploads\/2025\/04\/instalaciones-03-300x137.webp 300w\" sizes=\"(max-width: 700px) 100vw, 700px\" \/>\t\t\t\t\t\t\t\t\t\t\t\t\t\t\t<\/div>\n\t\t\t\t<\/div>\n\t\t\t\t<div class=\"elementor-element elementor-element-a5b01f8 elementor-hidden-tablet elementor-widget elementor-widget-image\" data-id=\"a5b01f8\" data-element_type=\"widget\" data-e-type=\"widget\" data-widget_type=\"image.default\">\n\t\t\t\t<div class=\"elementor-widget-container\">\n\t\t\t\t\t\t\t\t\t\t\t\t\t\t\t<img decoding=\"async\" width=\"700\" height=\"809\" src=\"https:\/\/rsmotorps.com\/wp-content\/uploads\/2025\/04\/instalaciones-04.webp\" class=\"attachment-full size-full wp-image-34126\" alt=\"\" srcset=\"https:\/\/rsmotorps.com\/wp-content\/uploads\/2025\/04\/instalaciones-04.webp 700w, https:\/\/rsmotorps.com\/wp-content\/uploads\/2025\/04\/instalaciones-04-600x693.webp 600w, https:\/\/rsmotorps.com\/wp-content\/uploads\/2025\/04\/instalaciones-04-260x300.webp 260w\" sizes=\"(max-width: 700px) 100vw, 700px\" \/>\t\t\t\t\t\t\t\t\t\t\t\t\t\t\t<\/div>\n\t\t\t\t<\/div>\n\t\t\t\t<\/div>\n\t\t\t\t\t<\/div>\n\t\t\t\t<\/div>\n\t\t\t\t<\/div>\n\t\t","protected":false},"excerpt":{"rendered":"<p>Instalacji Nasze obiekty w Porri\u00f1o (Pontevedra) maj\u0105 powierzchni\u0119 2.000 m2, podzielon\u0105 na biura, warsztat z mo\u017cliwo\u015bci\u0105 wykonywania wszelkiego rodzaju prac przy silnikach oraz miejsce do przechowywania zapas\u00f3w i element\u00f3w regenerowanych. OBIEKTY RS MOTOR Nasze obiekty Dysponujemy zapleczem pomocniczym do przechowywania blok\u00f3w silnikowych, silnik\u00f3w u\u017cywanych oraz element\u00f3w niskoobrotowych. Suwnice Varius do 25,50 tony. Bank si\u0142ownik\u00f3w Heinzmann. [&hellip;]<\/p>\n","protected":false},"author":1,"featured_media":0,"parent":0,"menu_order":0,"comment_status":"closed","ping_status":"closed","template":"","meta":{"_acf_changed":false,"footnotes":""},"class_list":["post-34121","page","type-page","status-publish","hentry"],"acf":[],"yoast_head":"<!-- This site is optimized with the Yoast SEO plugin v27.4 - https:\/\/yoast.com\/product\/yoast-seo-wordpress\/ -->\n<title>Instalacji - RS Motor<\/title>\n<meta name=\"robots\" content=\"index, follow, max-snippet:-1, max-image-preview:large, max-video-preview:-1\" \/>\n<link rel=\"canonical\" href=\"https:\/\/rsmotorps.com\/instalaciones\/\" \/>\n<meta property=\"og:locale\" content=\"pl_PL\" \/>\n<meta property=\"og:type\" content=\"article\" \/>\n<meta property=\"og:title\" content=\"Instalacji - RS Motor\" \/>\n<meta property=\"og:description\" content=\"Instalacji Nasze obiekty w Porri\u00f1o (Pontevedra) maj\u0105 powierzchni\u0119 2.000 m2, podzielon\u0105 na biura, warsztat z mo\u017cliwo\u015bci\u0105 wykonywania wszelkiego rodzaju prac przy silnikach oraz miejsce do przechowywania zapas\u00f3w i element\u00f3w regenerowanych. OBIEKTY RS MOTOR Nasze obiekty Dysponujemy zapleczem pomocniczym do przechowywania blok\u00f3w silnikowych, silnik\u00f3w u\u017cywanych oraz element\u00f3w niskoobrotowych. Suwnice Varius do 25,50 tony. Bank si\u0142ownik\u00f3w Heinzmann. [&hellip;]\" \/>\n<meta property=\"og:url\" content=\"https:\/\/rsmotorps.com\/instalaciones\/\" \/>\n<meta property=\"og:site_name\" content=\"RS Motor\" \/>\n<meta property=\"article:modified_time\" content=\"2025-06-18T11:12:50+00:00\" \/>\n<meta property=\"og:image\" content=\"https:\/\/rsmotorps.com\/wp-content\/uploads\/2025\/04\/instalaciones-pagina-02.jpg\" \/>\n<meta name=\"twitter:card\" content=\"summary_large_image\" \/>\n<meta name=\"twitter:label1\" content=\"Szacowany czas czytania\" \/>\n\t<meta name=\"twitter:data1\" content=\"3 minuty\" \/>\n<script type=\"application\/ld+json\" class=\"yoast-schema-graph\">{\"@context\":\"https:\\\/\\\/schema.org\",\"@graph\":[{\"@type\":\"WebPage\",\"@id\":\"https:\\\/\\\/rsmotorps.com\\\/instalaciones\\\/\",\"url\":\"https:\\\/\\\/rsmotorps.com\\\/instalaciones\\\/\",\"name\":\"Instalacji - RS Motor\",\"isPartOf\":{\"@id\":\"https:\\\/\\\/rsmotorps.com\\\/#website\"},\"primaryImageOfPage\":{\"@id\":\"https:\\\/\\\/rsmotorps.com\\\/instalaciones\\\/#primaryimage\"},\"image\":{\"@id\":\"https:\\\/\\\/rsmotorps.com\\\/instalaciones\\\/#primaryimage\"},\"thumbnailUrl\":\"https:\\\/\\\/rsmotorps.com\\\/wp-content\\\/uploads\\\/2025\\\/04\\\/instalaciones-pagina-02.jpg\",\"datePublished\":\"2025-04-07T15:08:40+00:00\",\"dateModified\":\"2025-06-18T11:12:50+00:00\",\"breadcrumb\":{\"@id\":\"https:\\\/\\\/rsmotorps.com\\\/instalaciones\\\/#breadcrumb\"},\"inLanguage\":\"pl-PL\",\"potentialAction\":[{\"@type\":\"ReadAction\",\"target\":[\"https:\\\/\\\/rsmotorps.com\\\/instalaciones\\\/\"]}]},{\"@type\":\"ImageObject\",\"inLanguage\":\"pl-PL\",\"@id\":\"https:\\\/\\\/rsmotorps.com\\\/instalaciones\\\/#primaryimage\",\"url\":\"https:\\\/\\\/rsmotorps.com\\\/wp-content\\\/uploads\\\/2025\\\/04\\\/instalaciones-pagina-02.jpg\",\"contentUrl\":\"https:\\\/\\\/rsmotorps.com\\\/wp-content\\\/uploads\\\/2025\\\/04\\\/instalaciones-pagina-02.jpg\"},{\"@type\":\"BreadcrumbList\",\"@id\":\"https:\\\/\\\/rsmotorps.com\\\/instalaciones\\\/#breadcrumb\",\"itemListElement\":[{\"@type\":\"ListItem\",\"position\":1,\"name\":\"Inicio\",\"item\":\"https:\\\/\\\/rsmotorps.com\\\/\"},{\"@type\":\"ListItem\",\"position\":2,\"name\":\"Instalacji\"}]},{\"@type\":\"WebSite\",\"@id\":\"https:\\\/\\\/rsmotorps.com\\\/#website\",\"url\":\"https:\\\/\\\/rsmotorps.com\\\/\",\"name\":\"RS Motor\",\"description\":\"Otro sitio realizado con WordPress\",\"publisher\":{\"@id\":\"https:\\\/\\\/rsmotorps.com\\\/#organization\"},\"potentialAction\":[{\"@type\":\"SearchAction\",\"target\":{\"@type\":\"EntryPoint\",\"urlTemplate\":\"https:\\\/\\\/rsmotorps.com\\\/?s={search_term_string}\"},\"query-input\":{\"@type\":\"PropertyValueSpecification\",\"valueRequired\":true,\"valueName\":\"search_term_string\"}}],\"inLanguage\":\"pl-PL\"},{\"@type\":\"Organization\",\"@id\":\"https:\\\/\\\/rsmotorps.com\\\/#organization\",\"name\":\"RS Motor\",\"url\":\"https:\\\/\\\/rsmotorps.com\\\/\",\"logo\":{\"@type\":\"ImageObject\",\"inLanguage\":\"pl-PL\",\"@id\":\"https:\\\/\\\/rsmotorps.com\\\/#\\\/schema\\\/logo\\\/image\\\/\",\"url\":\"https:\\\/\\\/rsmotorps.com\\\/wp-content\\\/uploads\\\/2022\\\/04\\\/cropped-1-LOGO-PRINCIPAL-rsmotor-color-sinfondo-1.png\",\"contentUrl\":\"https:\\\/\\\/rsmotorps.com\\\/wp-content\\\/uploads\\\/2022\\\/04\\\/cropped-1-LOGO-PRINCIPAL-rsmotor-color-sinfondo-1.png\",\"width\":1417,\"height\":634,\"caption\":\"RS Motor\"},\"image\":{\"@id\":\"https:\\\/\\\/rsmotorps.com\\\/#\\\/schema\\\/logo\\\/image\\\/\"}}]}<\/script>\n<!-- \/ Yoast SEO plugin. -->","yoast_head_json":{"title":"Instalacji - RS Motor","robots":{"index":"index","follow":"follow","max-snippet":"max-snippet:-1","max-image-preview":"max-image-preview:large","max-video-preview":"max-video-preview:-1"},"canonical":"https:\/\/rsmotorps.com\/instalaciones\/","og_locale":"pl_PL","og_type":"article","og_title":"Instalacji - RS Motor","og_description":"Instalacji Nasze obiekty w Porri\u00f1o (Pontevedra) maj\u0105 powierzchni\u0119 2.000 m2, podzielon\u0105 na biura, warsztat z mo\u017cliwo\u015bci\u0105 wykonywania wszelkiego rodzaju prac przy silnikach oraz miejsce do przechowywania zapas\u00f3w i element\u00f3w regenerowanych. OBIEKTY RS MOTOR Nasze obiekty Dysponujemy zapleczem pomocniczym do przechowywania blok\u00f3w silnikowych, silnik\u00f3w u\u017cywanych oraz element\u00f3w niskoobrotowych. Suwnice Varius do 25,50 tony. Bank si\u0142ownik\u00f3w Heinzmann. [&hellip;]","og_url":"https:\/\/rsmotorps.com\/instalaciones\/","og_site_name":"RS Motor","article_modified_time":"2025-06-18T11:12:50+00:00","og_image":[{"url":"https:\/\/rsmotorps.com\/wp-content\/uploads\/2025\/04\/instalaciones-pagina-02.jpg","type":"","width":"","height":""}],"twitter_card":"summary_large_image","twitter_misc":{"Szacowany czas czytania":"3 minuty"},"schema":{"@context":"https:\/\/schema.org","@graph":[{"@type":"WebPage","@id":"https:\/\/rsmotorps.com\/instalaciones\/","url":"https:\/\/rsmotorps.com\/instalaciones\/","name":"Instalacji - RS Motor","isPartOf":{"@id":"https:\/\/rsmotorps.com\/#website"},"primaryImageOfPage":{"@id":"https:\/\/rsmotorps.com\/instalaciones\/#primaryimage"},"image":{"@id":"https:\/\/rsmotorps.com\/instalaciones\/#primaryimage"},"thumbnailUrl":"https:\/\/rsmotorps.com\/wp-content\/uploads\/2025\/04\/instalaciones-pagina-02.jpg","datePublished":"2025-04-07T15:08:40+00:00","dateModified":"2025-06-18T11:12:50+00:00","breadcrumb":{"@id":"https:\/\/rsmotorps.com\/instalaciones\/#breadcrumb"},"inLanguage":"pl-PL","potentialAction":[{"@type":"ReadAction","target":["https:\/\/rsmotorps.com\/instalaciones\/"]}]},{"@type":"ImageObject","inLanguage":"pl-PL","@id":"https:\/\/rsmotorps.com\/instalaciones\/#primaryimage","url":"https:\/\/rsmotorps.com\/wp-content\/uploads\/2025\/04\/instalaciones-pagina-02.jpg","contentUrl":"https:\/\/rsmotorps.com\/wp-content\/uploads\/2025\/04\/instalaciones-pagina-02.jpg"},{"@type":"BreadcrumbList","@id":"https:\/\/rsmotorps.com\/instalaciones\/#breadcrumb","itemListElement":[{"@type":"ListItem","position":1,"name":"Inicio","item":"https:\/\/rsmotorps.com\/"},{"@type":"ListItem","position":2,"name":"Instalacji"}]},{"@type":"WebSite","@id":"https:\/\/rsmotorps.com\/#website","url":"https:\/\/rsmotorps.com\/","name":"RS Motor","description":"Otro sitio realizado con WordPress","publisher":{"@id":"https:\/\/rsmotorps.com\/#organization"},"potentialAction":[{"@type":"SearchAction","target":{"@type":"EntryPoint","urlTemplate":"https:\/\/rsmotorps.com\/?s={search_term_string}"},"query-input":{"@type":"PropertyValueSpecification","valueRequired":true,"valueName":"search_term_string"}}],"inLanguage":"pl-PL"},{"@type":"Organization","@id":"https:\/\/rsmotorps.com\/#organization","name":"RS Motor","url":"https:\/\/rsmotorps.com\/","logo":{"@type":"ImageObject","inLanguage":"pl-PL","@id":"https:\/\/rsmotorps.com\/#\/schema\/logo\/image\/","url":"https:\/\/rsmotorps.com\/wp-content\/uploads\/2022\/04\/cropped-1-LOGO-PRINCIPAL-rsmotor-color-sinfondo-1.png","contentUrl":"https:\/\/rsmotorps.com\/wp-content\/uploads\/2022\/04\/cropped-1-LOGO-PRINCIPAL-rsmotor-color-sinfondo-1.png","width":1417,"height":634,"caption":"RS Motor"},"image":{"@id":"https:\/\/rsmotorps.com\/#\/schema\/logo\/image\/"}}]}},"_links":{"self":[{"href":"https:\/\/rsmotorps.com\/pl\/wp-json\/wp\/v2\/pages\/34121","targetHints":{"allow":["GET"]}}],"collection":[{"href":"https:\/\/rsmotorps.com\/pl\/wp-json\/wp\/v2\/pages"}],"about":[{"href":"https:\/\/rsmotorps.com\/pl\/wp-json\/wp\/v2\/types\/page"}],"author":[{"embeddable":true,"href":"https:\/\/rsmotorps.com\/pl\/wp-json\/wp\/v2\/users\/1"}],"replies":[{"embeddable":true,"href":"https:\/\/rsmotorps.com\/pl\/wp-json\/wp\/v2\/comments?post=34121"}],"version-history":[{"count":3,"href":"https:\/\/rsmotorps.com\/pl\/wp-json\/wp\/v2\/pages\/34121\/revisions"}],"predecessor-version":[{"id":34130,"href":"https:\/\/rsmotorps.com\/pl\/wp-json\/wp\/v2\/pages\/34121\/revisions\/34130"}],"wp:attachment":[{"href":"https:\/\/rsmotorps.com\/pl\/wp-json\/wp\/v2\/media?parent=34121"}],"curies":[{"name":"wp","href":"https:\/\/api.w.org\/{rel}","templated":true}]}}